{"id":156,"date":"2010-01-28T10:02:07","date_gmt":"2010-01-28T17:02:07","guid":{"rendered":"http:\/\/www.vijaynaraynsingh.com\/?page_id=156"},"modified":"2025-06-05T14:37:29","modified_gmt":"2025-06-05T18:37:29","slug":"publications-d-e-f","status":"publish","type":"page","link":"http:\/\/www.vijaynaraynsingh.com\/?page_id=156","title":{"rendered":"Publications D, E , F"},"content":{"rendered":"\n<div class=\"wp-block-file\"><a id=\"wp-block-file--media-b9b3b9ea-e5e9-4542-a731-e8793feeb04b\" href=\"http:\/\/www.vijaynaraynsingh.com\/wp-content\/uploads\/2022\/03\/Endoscopic-endonasal-repair-of-a-cerebrospinal-fluid-leak-secondary-to-a-meningoencephalocele-using-a-posterior-based-middle-turbinate-flap.pdf\" target=\"_blank\" rel=\"noreferrer noopener\">Endoscopic-endonasal-repair-of-a-cerebrospinal-fluid-leak-secondary-to-a-meningoencephalocele-using-a-posterior-based-middle-turbinate-flap<\/a><\/div>\n\n\n<p><a href=\"http:\/\/www.vijaynaraynsingh.com\/wp-content\/uploads\/2010\/01\/BJSTR.MS_.ID_.005299.pdf\">Destination Unknown: A Unique Case of Metastatic Colorectal Carcinoma to the Breast, Axilla and Skin<\/a><\/p>\n<p><a href=\"http:\/\/www.vijaynaraynsingh.com\/wp-content\/uploads\/2010\/01\/Disater-Preparedness-in-the-Caribbean-A-Trinidad-Experience.pdf\">Disaster Preparedness in the Caribbean A Trinidad Experience<\/a><\/p>\n<p><a href=\"http:\/\/www.vijaynaraynsingh.com\/wp-content\/uploads\/2025\/03\/Cawich-et-al-MIS-Disparity-in-LMICs-1.pdf\">Disparities in Access to Minimally Invasive Surgery in Low and Middle-Income Countries<\/a><\/p>\n<p><a href=\"http:\/\/www.vijaynaraynsingh.com\/wp-content\/uploads\/2010\/01\/Distended-bladder-presenting-with-constipation-and-venous-obstruction-a-case-report.pdf\">Distended bladder presenting with constipation and venous obstruction: a case report<\/a><\/p>\n<p><a href=\"http:\/\/www.vijaynaraynsingh.com\/wp-content\/uploads\/2010\/01\/Diverticular-disease-in-the-West-Indies-a-Trinidad-study.pdf\">Diverticular disease in the West Indies a Trinidad study<\/a><\/p>\n<p><a href=\"http:\/\/www.vijaynaraynsingh.com\/wp-content\/uploads\/2010\/01\/Declaration-of-a-State-of-Emergency-in-Trinidad-and-Tobago-Effect-on-the-Trauma-Admissions-at-the-National-Referral-Trauma-Centre.pdf\">Declaration of a State of Emergency in Trinidad and Tobago: Effect on the Trauma Admissions at the National Referral Trauma Centre<\/a><\/p>\n<p><a href=\"http:\/\/www.vijaynaraynsingh.com\/wp-content\/uploads\/2010\/01\/Delayed-repair-of-fractured-penis-a-new-technique.pdf\">Delayed repair of fractured penis a new technique<\/a><\/p>\n<p><a href=\"http:\/\/www.vijaynaraynsingh.com\/wp-content\/uploads\/2010\/01\/Diagnostic-peritoneal-lavage-using-a-trocar-mounted-chest-tube.pdf\">Diagnostic peritoneal lavage using a trocar-mounted chest tube &#8211; Ideas and Innovations<\/a><\/p>\n<p><a href=\"http:\/\/www.vijaynaraynsingh.com\/wp-content\/uploads\/2010\/01\/Dirofilariasis-of-the-breast.pdf\">Dirofilariasis of the breast<\/a><\/p>\n<p><a href=\"http:\/\/www.vijaynaraynsingh.com\/wp-content\/uploads\/2010\/01\/Early-Hospital-Discharge-Following-Breast-Cancer-Surgery-in-the-West-Indies-a-Trinidad-Study.pdf\">Early Hospital Discharge Following Breast Cancer Surgery in the West Indies: a Trinidad Study<\/a><\/p>\n<p><a href=\"http:\/\/www.vijaynaraynsingh.com\/wp-content\/uploads\/2010\/01\/Effects-of-Bariatric-Surgery-on-Type-2-DM-in-a-Caribbean-Setting.pdf\">Effects of Bariatric Surgery on Type 2 DM in a Caribbean Setting<\/a><\/p>\n<p><a href=\"http:\/\/www.vijaynaraynsingh.com\/wp-content\/uploads\/2010\/01\/Embolizaci\u00f3n-guiada-por-cat\u00e9ter-previa-resecci\u00f3n-exitosa-de-carcinoma-de-c\u00e9lulas-renales-gigante-invadiendo-la-aur\u00edcula-derecha-Catheterization-embolization-before-successful-surgical-rese.pdf\">Embolizaci\u00f3n guiada por cat\u00e9ter previa resecci\u00f3n exitosa de carcinoma de c\u00e9lulas renales gigante invadiendo la aur\u00edcula derecha -Catheterization embolization before successful surgical resection of a gigantic renal cell carcinoma invading the right atrium<\/a><\/p>\n<p><a href=\"http:\/\/www.vijaynaraynsingh.com\/wp-content\/uploads\/2010\/01\/Emergency-thoracotomy-isolated-internal-thoracic-artery-injury.pdf\">Emergency Thoracotomy &#8211; Isolated Internal thoracic Artery Injury<\/a><\/p>\n<p><a href=\"http:\/\/www.vijaynaraynsingh.com\/wp-content\/uploads\/2010\/01\/Emergency-thyroidectomy-for-acute-respiratory-distress-in-a-patient-with-anaplastic-thyroid-carcinoma-a-case-report-and-review-of-the-literature-international-journal-of-innovation.pdf\">Emergency thyroidectomy for acute respiratory distress in a patient with anaplastic thyroid carcinoma: a case report and review of the literature<\/a><\/p>\n<p><a href=\"http:\/\/www.vijaynaraynsingh.com\/wp-content\/uploads\/2010\/01\/Emphysematous-mastitis-with-necrotizing-fasciitis-a-raredevastating-complication-of-hydrogel-injection-into-thebreasts-a-wake-up-call-for-women-consideringbreast-augmentation.pdf\">Emphysematous mastitis with necrotizing fasciitis, a rare devastating complication of hydrogel injection into the breasts- a wake up call for women considering breast augmentation<\/a><\/p>\n<p><a href=\"http:\/\/www.vijaynaraynsingh.com\/wp-content\/uploads\/2010\/01\/Endometritotic-Rectosigmoid-Obstruction-presenting-with-a-frozen-pelvis-mimicking-carcinoma.pdf\">Endometritotic Rectosigmoid Obstruction presenting with a frozen pelvis mimicking carcinoma<\/a><\/p>\n<p>\u00a0<\/p>\n<p><a href=\"http:\/\/www.vijaynaraynsingh.com\/wp-content\/uploads\/2010\/01\/Epidemiology-and-Classification-of-Extensive-Volar-Wrist-Lacerations-The-Spaghetti-Wrist.pdf\">Epidemiology and Classification of Extensive Volar Wrist Lacerations The Spaghetti Wrist<\/a><\/p>\n<p><a href=\"http:\/\/www.vijaynaraynsingh.com\/wp-content\/uploads\/2010\/01\/Epidemiology-of-Neuroendocrine-Tumors-in-an-Eastern-Caribbean-nation-A-Retrospective-Study.pdf\">Epidemiology of Neuroendocrine Tumors in an Eastern Caribbean nation A Retrospective Study<\/a><\/p>\n<p><a href=\"http:\/\/www.vijaynaraynsingh.com\/wp-content\/uploads\/2010\/01\/Extrautrine-leiomyomata-presenting-with-sepsis-requiring-hemicolectomy.pdf\">Extrautrine leiomyomata presenting with sepsis requiring hemicolectomy<\/a><\/p>\n<p><a href=\"http:\/\/www.vijaynaraynsingh.com\/wp-content\/uploads\/2010\/01\/Endoscopic-thyroid-surgery-in-the-Caribbean-A-case-report-of-the-first-clinical-experience.-2017.pdf\">Endoscopic thyroid surgery in the Caribbean: A case report of the first clinical experience<\/a><\/p>\n<p><a href=\"http:\/\/www.vijaynaraynsingh.com\/wp-content\/uploads\/2010\/01\/Epidemiology-of-diabetic-foot-infections-in-an-eastern-Caribbean-population-a-prospective-study..pdf\">Epidemiology of diabetic foot infections in an eastern Caribbean population a prospective study.<\/a><\/p>\n<p><a href=\"http:\/\/www.vijaynaraynsingh.com\/wp-content\/uploads\/2010\/01\/SYLWAN-Evaluation-of-patterns-of-venous-reflux-on-duplex-scan-and-its-clinical-significance-in-a-Caribbean-population-a-prospective-study.pdf\">Evaluation of patterns of venous reflux on duplex scan and its clinical significance in a Caribbean population a prospective study<\/a><\/p>\n<p><a href=\"http:\/\/www.vijaynaraynsingh.com\/wp-content\/uploads\/2010\/01\/Evolution-of-SILS-Cholecystectomy-in-the-Caribbean-The-Direct-Transfascial-Puncture-Technique-Using-Conventional-Instruments-without-Working-Ports..pdf\">Evolution of SILS Cholecystectomy in the Caribbean The Direct Transfascial Puncture Technique Using Conventional Instruments without Working Ports &#8211; Case Reports<\/a><\/p>\n<p><a href=\"http:\/\/www.vijaynaraynsingh.com\/wp-content\/uploads\/2010\/01\/Extrauterine-leiomyomata-presenting-with-sepsis-requiring-hemicolectomy..pdf\">Extrauterine leiomyomata presenting with sepsis requiring hemicolectomy.<\/a><\/p>\n<p><a href=\"https:\/\/www.cureus.com\/articles\/368967-extreme-short-bowel-syndrome-a-case-of-resilience-and-recovery-from-acute-intestinal-failure#!\/\">Extreme Short Bowel Syndrome: A Case of Resilience and Recovery From Acute Intestinal Failure<\/a><\/p>\n<p><a href=\"http:\/\/www.vijaynaraynsingh.com\/wp-content\/uploads\/2010\/02\/Letter-to-the-editor-Early-Onset-Breast-Cancer-in-Black-British-Women.pdf\">Early Onset Breast Cancer in Black British Women<\/a> :\u00a0<a href=\"http:\/\/www.vijaynaraynsingh.com\/wp-content\/uploads\/2010\/02\/Letter-to-the-editor-Early-Onset-Breast-Cancer-in-Black-British-Women.pdf\">Letter to the editor<\/a><\/p>\n<p><a href=\"http:\/\/www.vijaynaraynsingh.com\/wp-content\/uploads\/2010\/01\/Familial-Bilateral-Multiple-Fibroadenomas-of-the-Breast.pdf\">Familial Bilateral Multiple Fibroadenomas of the Breast<\/a><\/p>\n<p><a href=\"http:\/\/www.vijaynaraynsingh.com\/wp-content\/uploads\/2010\/01\/Fish-bone-perforation-of-small-bowel-mimicking-acute-appendicitis.pdf\">Fish bone perforation of small bowel mimicking acute appendicitis<\/a><\/p>\n<p><a href=\"http:\/\/www.vijaynaraynsingh.com\/wp-content\/uploads\/2010\/01\/Fracture-of-the-penis.pdf\">Fracture of the penis<\/a><\/p>\n<p><a href=\"http:\/\/www.vijaynaraynsingh.com\/wp-content\/uploads\/2010\/01\/Fracture-of-the-Penis-A-Review.pdf\">Fracture of the Penis: A Review<\/a><\/p>\n<p><a href=\"http:\/\/www.vijaynaraynsingh.com\/wp-content\/uploads\/2010\/01\/Fracture-of-the-penis-treatment-and-complications.pdf\">Fracture of the penis treatment and complications<\/a><\/p>\n<p><a href=\"http:\/\/www.vijaynaraynsingh.com\/wp-content\/uploads\/2010\/01\/Fractured-Tibia-Fibula-due-to-erotic-dancing.pdf\">Fractured Tibia &amp; Fibula due to erotic dancing: A Trinidad Experience<\/a><\/p>\n<p><a href=\"http:\/\/www.vijaynaraynsingh.com\/wp-content\/uploads\/2010\/01\/Fracture-of-the-penis-with-urethral-rupture1.pdf\">Fracture of the Penis with Urethral Rupture<\/a><\/p>\n<p><a href=\"http:\/\/www.vijaynaraynsingh.com\/wp-content\/uploads\/2010\/01\/Free-perforation-of-ileal-tubercular-ulcer-a-case-report-and-literature-review.pdf\">Free perforation of ileal tubercular ulcer: a case report and literature review<\/a><\/p>","protected":false},"excerpt":{"rendered":"<p>Destination Unknown: A Unique Case of Metastatic Colorectal Carcinoma to the Breast, Axilla and Skin Disaster Preparedness in the Caribbean A Trinidad Experience Disparities in Access to Minimally Invasive Surgery in Low and Middle-Income Countries Distended bladder presenting with constipation and venous obstruction: a case report Diverticular disease in the West Indies a Trinidad study [&hellip;]<\/p>\n","protected":false},"author":2,"featured_media":0,"parent":83,"menu_order":4,"comment_status":"closed","ping_status":"open","template":"","meta":[],"_links":{"self":[{"href":"http:\/\/www.vijaynaraynsingh.com\/index.php?rest_route=\/wp\/v2\/pages\/156"}],"collection":[{"href":"http:\/\/www.vijaynaraynsingh.com\/index.php?rest_route=\/wp\/v2\/pages"}],"about":[{"href":"http:\/\/www.vijaynaraynsingh.com\/index.php?rest_route=\/wp\/v2\/types\/page"}],"author":[{"embeddable":true,"href":"http:\/\/www.vijaynaraynsingh.com\/index.php?rest_route=\/wp\/v2\/users\/2"}],"replies":[{"embeddable":true,"href":"http:\/\/www.vijaynaraynsingh.com\/index.php?rest_route=%2Fwp%2Fv2%2Fcomments&post=156"}],"version-history":[{"count":37,"href":"http:\/\/www.vijaynaraynsingh.com\/index.php?rest_route=\/wp\/v2\/pages\/156\/revisions"}],"predecessor-version":[{"id":2067,"href":"http:\/\/www.vijaynaraynsingh.com\/index.php?rest_route=\/wp\/v2\/pages\/156\/revisions\/2067"}],"up":[{"embeddable":true,"href":"http:\/\/www.vijaynaraynsingh.com\/index.php?rest_route=\/wp\/v2\/pages\/83"}],"wp:attachment":[{"href":"http:\/\/www.vijaynaraynsingh.com\/index.php?rest_route=%2Fwp%2Fv2%2Fmedia&parent=156"}],"curies":[{"name":"wp","href":"https:\/\/api.w.org\/{rel}","templated":true}]}}